{"id":159,"date":"2025-03-06T11:16:37","date_gmt":"2025-03-06T11:16:37","guid":{"rendered":"https:\/\/www.lcps.pt\/www\/?page_id=159"},"modified":"2025-03-20T14:29:42","modified_gmt":"2025-03-20T14:29:42","slug":"vinho-de-talha","status":"publish","type":"page","link":"https:\/\/www.lcps.pt\/www\/vinho-de-talha\/","title":{"rendered":"Vinho de Talha"},"content":{"rendered":"<p>[et_pb_section fb_built=&#8221;1&#8243; admin_label=&#8221;Projects&#8221; _builder_version=&#8221;4.20.0&#8243; _module_preset=&#8221;default&#8221; locked=&#8221;off&#8221; collapsed=&#8221;on&#8221; global_colors_info=&#8221;{}&#8221;][et_pb_row _builder_version=&#8221;4.20.0&#8243; _module_preset=&#8221;default&#8221; custom_padding=&#8221;||0px|||&#8221; global_colors_info=&#8221;{}&#8221;][et_pb_column type=&#8221;4_4&#8243; _builder_version=&#8221;4.20.0&#8243; _module_preset=&#8221;default&#8221; global_colors_info=&#8221;{}&#8221;][et_pb_text _builder_version=&#8221;4.20.0&#8243; _module_preset=&#8221;e92b680f-9888-452e-9cba-6931f0d0bd3e&#8221; custom_padding=&#8221;||0px|||&#8221; global_colors_info=&#8221;{}&#8221;]<\/p>\n<h1 style=\"text-align: center;\">LPS Vinho de talhA<\/h1>\n<p>&nbsp;<\/p>\n<p>[\/et_pb_text][\/et_pb_column][\/et_pb_row][et_pb_row _builder_version=&#8221;4.20.0&#8243; _module_preset=&#8221;default&#8221; global_colors_info=&#8221;{}&#8221;][et_pb_column type=&#8221;4_4&#8243; _builder_version=&#8221;4.20.0&#8243; _module_preset=&#8221;default&#8221; custom_padding_tablet=&#8221;||30px||false|false&#8221; custom_padding_phone=&#8221;||30px||false|false&#8221; custom_padding_last_edited=&#8221;on|tablet&#8221; hover_enabled=&#8221;0&#8243; global_colors_info=&#8221;{}&#8221; sticky_enabled=&#8221;0&#8243;][et_pb_image src=&#8221;http:\/\/www.lcps.pt\/www\/wp-content\/uploads\/2025\/03\/garrafas-talha.jpg&#8221; title_text=&#8221;garrafas-talha&#8221; _builder_version=&#8221;4.27.4&#8243; _module_preset=&#8221;default&#8221; width=&#8221;50%&#8221; module_alignment=&#8221;center&#8221; custom_margin=&#8221;||||false|false&#8221; hover_enabled=&#8221;0&#8243; box_shadow_style=&#8221;preset4&#8243; box_shadow_horizontal=&#8221;0px&#8221; box_shadow_vertical=&#8221;0px&#8221; box_shadow_color=&#8221;rgba(0,0,0,0.05)&#8221; global_colors_info=&#8221;{}&#8221; custom_padding__hover_enabled=&#8221;off|hover&#8221; custom_padding__hover=&#8221;50px|50px|50px|50px|true|true&#8221; box_shadow_vertical__hover_enabled=&#8221;off|hover&#8221; box_shadow_blur__hover_enabled=&#8221;off|hover&#8221; box_shadow_blur__hover=&#8221;0px&#8221; box_shadow_color__hover_enabled=&#8221;off|hover&#8221; box_shadow_color__hover=&#8221;rgba(0,0,0,0.3)&#8221; custom_margin__hover_enabled=&#8221;off|hover&#8221; custom_margin__hover=&#8221;||62px||false|false&#8221; transform_styles__hover_enabled=&#8221;on|hover&#8221; transform_scale__hover_enabled=&#8221;on|hover&#8221; transform_translate__hover_enabled=&#8221;on|desktop&#8221; transform_rotate__hover_enabled=&#8221;on|desktop&#8221; transform_skew__hover_enabled=&#8221;on|desktop&#8221; transform_origin__hover_enabled=&#8221;on|desktop&#8221; transform_scale__hover=&#8221;90%|90%&#8221; box_shadow_spread__hover_enabled=&#8221;on|hover&#8221; box_shadow_spread__hover=&#8221;30px&#8221; sticky_enabled=&#8221;0&#8243; align=&#8221;center&#8221; background_enable_color=&#8221;off&#8221;][\/et_pb_image][et_pb_text _builder_version=&#8221;4.21.0&#8243; _module_preset=&#8221;8a8d18fb-1d8c-4507-83be-4e124c7df640&#8243; custom_margin=&#8221;||10px||false|false&#8221; global_colors_info=&#8221;{}&#8221;]<\/p>\n<h4 style=\"text-align: center;\"><strong><span lang=\"PT\">DOC ALENTEJO 2024<\/span><\/strong><\/h4>\n<p>[\/et_pb_text][et_pb_text _builder_version=&#8221;4.27.4&#8243; _module_preset=&#8221;95454a13-fbe4-4389-83e0-96a409b808bc&#8221; global_colors_info=&#8221;{}&#8221;]<\/p>\n<p style=\"font-weight: 400; text-align: justify;\"><span>Tendo em aten\u00e7\u00e3o a candidatura do Vinho de Talha a Patrim\u00f3nio Imaterial da Humanidade pela UNESCO, iniciativa liderada pelo Munic\u00edpio da Vidigueira, a Fam\u00edlia Peres de Sousa, n\u00e3o quis deixar de dar o seu contributo, produzindo este vinho de talha LPS, com uvas criteriosamente selecionadas, que real\u00e7a o legado ancestral.<\/span><\/p>\n<p>[\/et_pb_text][et_pb_text _builder_version=&#8221;4.27.4&#8243; _module_preset=&#8221;default&#8221; global_colors_info=&#8221;{}&#8221;]<\/p>\n<p style=\"text-align: justify;\"><em>Taking in account the canditacy of Talha Wine for Intangible Heritage of Humanity by UNESCO, an initiative led by the Municipilaty of Vidigueira, the Peres de Sousa Family want to give its contribution, producing this LPS Talha wine, with carefully selected grapes, which highlights the ancestral legacy.<\/em><\/p>\n<p>[\/et_pb_text][\/et_pb_column][\/et_pb_row][\/et_pb_section][et_pb_section fb_built=&#8221;1&#8243; fullwidth=&#8221;on&#8221; _builder_version=&#8221;4.21.0&#8243; _module_preset=&#8221;default&#8221; global_colors_info=&#8221;{}&#8221;][et_pb_fullwidth_image src=&#8221;http:\/\/www.lcps.pt\/www\/wp-content\/uploads\/2025\/03\/talha-scaled.jpg&#8221; title_text=&#8221;talha&#8221; _builder_version=&#8221;4.27.4&#8243; _module_preset=&#8221;default&#8221; background_enable_color=&#8221;off&#8221; global_colors_info=&#8221;{}&#8221;][\/et_pb_fullwidth_image][\/et_pb_section]<\/p>\n","protected":false},"excerpt":{"rendered":"<p>LPS Vinho de talhA &nbsp;DOC ALENTEJO 2024Tendo em aten\u00e7\u00e3o a candidatura do Vinho de Talha a Patrim\u00f3nio Imaterial da Humanidade pela UNESCO, iniciativa liderada pelo Munic\u00edpio da Vidigueira, a Fam\u00edlia Peres de Sousa, n\u00e3o quis deixar de dar o seu contributo, produzindo este vinho de talha LPS, com uvas criteriosamente selecionadas, que real\u00e7a o legado [&hellip;]<\/p>\n","protected":false},"author":1,"featured_media":0,"parent":0,"menu_order":0,"comment_status":"closed","ping_status":"closed","template":"","meta":{"_et_pb_use_builder":"on","_et_pb_old_content":"","_et_gb_content_width":"","footnotes":""},"class_list":["post-159","page","type-page","status-publish","hentry"],"_links":{"self":[{"href":"https:\/\/www.lcps.pt\/www\/wp-json\/wp\/v2\/pages\/159","targetHints":{"allow":["GET"]}}],"collection":[{"href":"https:\/\/www.lcps.pt\/www\/wp-json\/wp\/v2\/pages"}],"about":[{"href":"https:\/\/www.lcps.pt\/www\/wp-json\/wp\/v2\/types\/page"}],"author":[{"embeddable":true,"href":"https:\/\/www.lcps.pt\/www\/wp-json\/wp\/v2\/users\/1"}],"replies":[{"embeddable":true,"href":"https:\/\/www.lcps.pt\/www\/wp-json\/wp\/v2\/comments?post=159"}],"version-history":[{"count":5,"href":"https:\/\/www.lcps.pt\/www\/wp-json\/wp\/v2\/pages\/159\/revisions"}],"predecessor-version":[{"id":173,"href":"https:\/\/www.lcps.pt\/www\/wp-json\/wp\/v2\/pages\/159\/revisions\/173"}],"wp:attachment":[{"href":"https:\/\/www.lcps.pt\/www\/wp-json\/wp\/v2\/media?parent=159"}],"curies":[{"name":"wp","href":"https:\/\/api.w.org\/{rel}","templated":true}]}}