{"id":38,"date":"2023-07-05T13:17:32","date_gmt":"2023-07-05T13:17:32","guid":{"rendered":"http:\/\/www.lcps.pt\/www\/?page_id=38"},"modified":"2023-08-02T16:50:33","modified_gmt":"2023-08-02T16:50:33","slug":"historial","status":"publish","type":"page","link":"https:\/\/www.lcps.pt\/www\/historial\/","title":{"rendered":"Historial"},"content":{"rendered":"<p>[et_pb_section fb_built=&#8221;1&#8243; admin_label=&#8221;Header&#8221; _builder_version=&#8221;4.21.0&#8243; _module_preset=&#8221;default&#8221; custom_padding=&#8221;||120px|||&#8221; collapsed=&#8221;on&#8221; global_colors_info=&#8221;{}&#8221;][et_pb_row _builder_version=&#8221;4.20.0&#8243; _module_preset=&#8221;default&#8221; global_colors_info=&#8221;{}&#8221;][et_pb_column type=&#8221;4_4&#8243; _builder_version=&#8221;4.20.0&#8243; _module_preset=&#8221;default&#8221; global_colors_info=&#8221;{}&#8221;][et_pb_text _builder_version=&#8221;4.20.0&#8243; _module_preset=&#8221;89400e4b-a2f0-4f8e-9063-9700b16edf41&#8243; text_orientation=&#8221;center&#8221; global_colors_info=&#8221;{}&#8221;]<\/p>\n<h1>Historial<\/h1>\n<h2><em><strong>History<\/strong><\/em><\/h2>\n<p>[\/et_pb_text][\/et_pb_column][\/et_pb_row][et_pb_row custom_padding_last_edited=&#8221;on|tablet&#8221; _builder_version=&#8221;4.21.0&#8243; _module_preset=&#8221;default&#8221; background_enable_color=&#8221;off&#8221; custom_padding=&#8221;0px|0px|0px|0px|true|true&#8221; custom_padding_tablet=&#8221;40px|40px|40px|40px|true|true&#8221; custom_padding_phone=&#8221;20px|20px|20px|20px|true|true&#8221; global_colors_info=&#8221;{}&#8221;][et_pb_column type=&#8221;4_4&#8243; _builder_version=&#8221;4.21.0&#8243; _module_preset=&#8221;default&#8221; background_enable_color=&#8221;off&#8221; global_colors_info=&#8221;{}&#8221;][et_pb_image src=&#8221;http:\/\/www.lcps.pt\/www\/wp-content\/uploads\/2023\/07\/foto-de-calice-scaled.jpg&#8221; title_text=&#8221;04.TURISMO&#8221; align=&#8221;center&#8221; _builder_version=&#8221;4.21.0&#8243; _module_preset=&#8221;default&#8221; width=&#8221;50%&#8221; max_width=&#8221;50%&#8221; custom_margin=&#8221;||50px|||&#8221; global_colors_info=&#8221;{}&#8221;][\/et_pb_image][\/et_pb_column][\/et_pb_row][\/et_pb_section][et_pb_section fb_built=&#8221;1&#8243; _builder_version=&#8221;4.21.0&#8243; _module_preset=&#8221;default&#8221; global_colors_info=&#8221;{}&#8221;][et_pb_row column_structure=&#8221;1_2,1_2&#8243; _builder_version=&#8221;4.21.0&#8243; _module_preset=&#8221;default&#8221; global_colors_info=&#8221;{}&#8221;][et_pb_column type=&#8221;1_2&#8243; _builder_version=&#8221;4.21.0&#8243; _module_preset=&#8221;default&#8221; global_colors_info=&#8221;{}&#8221;][et_pb_text _builder_version=&#8221;4.21.0&#8243; _module_preset=&#8221;default&#8221; global_colors_info=&#8221;{}&#8221;]<\/p>\n<p style=\"text-align: justify;\"><span style=\"color: #000000;\">A<span style=\"font-family: inherit; font-weight: normal;\"><strong> LCPS LDA<\/strong> \u00e9 uma empresa de cariz familiar, que em 1997 lan\u00e7ou um projecto inovador no Alentejo, com a planta\u00e7\u00e3o de castas de uva de mesa sem grainha. <\/span><\/span><\/p>\n<p style=\"text-align: justify;\"><span style=\"font-family: inherit; font-weight: normal; color: #000000;\">Tendo em vista a sustentabilidade da produ\u00e7\u00e3o, em 2012 iniciou &#8211; se a produ\u00e7\u00e3o das aguardentes <strong>LPS<\/strong>, a partir de castas de uva de mesa sem grainha, com a instala\u00e7\u00e3o duma destilaria, na Vidigueira.<\/span><\/p>\n<p style=\"text-align: justify;\"><span style=\"font-family: inherit; font-weight: normal; color: #000000;\">O objetivo da produ\u00e7\u00e3o destas aguardentes \u00e9 a obten\u00e7\u00e3o dum produto de alta qualidade utilizando processo artesanal, que teve como base a tradi\u00e7\u00e3o familiar muita marcada na produ\u00e7\u00e3o de bebidas espirituosas. <\/span><\/p>\n<p style=\"text-align: justify;\"><span style=\"font-family: inherit; font-weight: normal; color: #000000;\">Deste modo, com base na tradi\u00e7\u00e3o e no conhecimento acumulado, a Fam\u00edlia Peres de Sousa tem produzido estas aguardentes, resultantes da fermenta\u00e7\u00e3o da uva de mesa sem grainha, produzida na quinta.<\/span><\/p>\n<p style=\"text-align: justify;\"><span style=\"font-family: inherit; font-weight: normal; color: #000000;\">Ap\u00f3s o processo ancestral de destila\u00e7\u00e3o e posterior est\u00e1gio em barricas de carvalho franc\u00eas, t\u00eam-se obtido aguardentes de excecional qualidade, comprovada pela excel\u00eancia dos pr\u00e9mios conseguidos em concurso internacionais, de prova cega, na Europa, Asia e Estados Unidos da Am\u00e9rica.<\/span><\/p>\n<p>[\/et_pb_text][\/et_pb_column][et_pb_column type=&#8221;1_2&#8243; _builder_version=&#8221;4.21.0&#8243; _module_preset=&#8221;default&#8221; global_colors_info=&#8221;{}&#8221;][et_pb_text _builder_version=&#8221;4.21.0&#8243; _module_preset=&#8221;default&#8221; global_colors_info=&#8221;{}&#8221;]<\/p>\n<p><strong>LCPS LDA<\/strong> is a family-owned company that launched, in 1997, an innovative project in Alentejo, with the planting of seedless table grape varieties.<\/p>\n<p>Aiming the sustainability of production, in 2012 the production of <strong>LPS<\/strong> brandies began, from seedless table grape varieties, with the installation of a distillery in Vidigueira.<\/p>\n<p>The main goal of producing these brandies is to obtain a high-quality product using an artisanal process, which is based on the family`s marked spirits making tradition.<\/p>\n<p>Given this, based on tradition and accumulated knowledge, the Peres de Sousa Family has produced these brandies, which are the outcome from the fermentation of our seedless table grapes.<\/p>\n<p>After the ancestral process of distillation and subsequent aging in French oak barrels, brandies of exceptional quality have been obtained, proven by the excellence of the awards achieved in international competitions, and blind tasting, in Europe, Asia, and the United States of America.<\/p>\n<p>[\/et_pb_text][\/et_pb_column][\/et_pb_row][\/et_pb_section]<\/p>\n","protected":false},"excerpt":{"rendered":"<p>Historial HistoryA LCPS LDA \u00e9 uma empresa de cariz familiar, que em 1997 lan\u00e7ou um projecto inovador no Alentejo, com a planta\u00e7\u00e3o de castas de uva de mesa sem grainha. Tendo em vista a sustentabilidade da produ\u00e7\u00e3o, em 2012 iniciou &#8211; se a produ\u00e7\u00e3o das aguardentes LPS, a partir de castas de uva de mesa [&hellip;]<\/p>\n","protected":false},"author":1,"featured_media":0,"parent":0,"menu_order":0,"comment_status":"closed","ping_status":"closed","template":"","meta":{"_et_pb_use_builder":"on","_et_pb_old_content":"","_et_gb_content_width":"","footnotes":""},"class_list":["post-38","page","type-page","status-publish","hentry"],"_links":{"self":[{"href":"https:\/\/www.lcps.pt\/www\/wp-json\/wp\/v2\/pages\/38","targetHints":{"allow":["GET"]}}],"collection":[{"href":"https:\/\/www.lcps.pt\/www\/wp-json\/wp\/v2\/pages"}],"about":[{"href":"https:\/\/www.lcps.pt\/www\/wp-json\/wp\/v2\/types\/page"}],"author":[{"embeddable":true,"href":"https:\/\/www.lcps.pt\/www\/wp-json\/wp\/v2\/users\/1"}],"replies":[{"embeddable":true,"href":"https:\/\/www.lcps.pt\/www\/wp-json\/wp\/v2\/comments?post=38"}],"version-history":[{"count":7,"href":"https:\/\/www.lcps.pt\/www\/wp-json\/wp\/v2\/pages\/38\/revisions"}],"predecessor-version":[{"id":152,"href":"https:\/\/www.lcps.pt\/www\/wp-json\/wp\/v2\/pages\/38\/revisions\/152"}],"wp:attachment":[{"href":"https:\/\/www.lcps.pt\/www\/wp-json\/wp\/v2\/media?parent=38"}],"curies":[{"name":"wp","href":"https:\/\/api.w.org\/{rel}","templated":true}]}}